{"id":1106,"date":"2020-02-12T11:41:13","date_gmt":"2020-02-12T10:41:13","guid":{"rendered":"https:\/\/www.hotel-lavignasse.com\/tarifs\/"},"modified":"2025-01-09T09:55:57","modified_gmt":"2025-01-09T08:55:57","slug":"rates","status":"publish","type":"page","link":"https:\/\/www.hotel-lavignasse.com\/en\/rates\/","title":{"rendered":"Rates"},"content":{"rendered":"<div class=\"fusion-fullwidth fullwidth-box fusion-builder-row-1 nonhundred-percent-fullwidth non-hundred-percent-height-scrolling\" style=\"--awb-border-radius-top-left:0px;--awb-border-radius-top-right:0px;--awb-border-radius-bottom-right:0px;--awb-border-radius-bottom-left:0px;--awb-flex-wrap:wrap;\" ><div class=\"fusion-builder-row fusion-row\"><div class=\"fusion-layout-column fusion_builder_column fusion-builder-column-0 fusion_builder_column_1_1 1_1 fusion-one-full fusion-column-first fusion-column-last\" style=\"--awb-padding-bottom:30px;--awb-bg-size:cover;\"><div class=\"fusion-column-wrapper fusion-column-has-shadow fusion-flex-column-wrapper-legacy\"><div class=\"fusion-title title fusion-title-1 fusion-sep-none fusion-title-center fusion-title-text fusion-title-size-one\"><h1 class=\"fusion-title-heading title-heading-center fusion-responsive-typography-calculated\" style=\"margin:0;--fontSize:45;line-height:1.4;\">Nos tarifs<\/h1><\/div><div class=\"fusion-text fusion-text-1\"><p style=\"text-align: center;\"><strong>Votre H\u00f4tel de Vacances en Ard\u00e8che vous accueille du 05 avril au 13 octobre 2024.<\/strong><\/p>\n<p style=\"text-align: center;\">Vous pouvez <strong>r\u00e9server par la page &#8220;contact&#8221; du site ou t\u00e9l\u00e9phoner \u00e0 l\u2019h\u00f4tel<\/strong>. L&#8217;offre privil\u00e8ge demi pension (- 10 \u20ac\/personne\/jour) est applicable <strong>uniquement \u00e0 partir de trois nuit\u00e9es.<\/strong><\/p>\n<\/div><div class=\"fusion-clearfix\"><\/div><\/div><\/div><div class=\"fusion-layout-column fusion_builder_column fusion-builder-column-1 fusion_builder_column_1_3 1_3 fusion-one-third fusion-column-first galerie\" style=\"--awb-bg-size:cover;width:33.333333333333%;width:calc(33.333333333333% - ( ( 4% ) * 0.33333333333333 ) );margin-right: 4%;\"><div class=\"fusion-column-wrapper fusion-column-has-shadow fusion-flex-column-wrapper-legacy\"><div class=\"fusion-image-element fusion-image-align-center in-legacy-container\" style=\"text-align:center;--awb-caption-title-font-family:var(--h2_typography-font-family);--awb-caption-title-font-weight:var(--h2_typography-font-weight);--awb-caption-title-font-style:var(--h2_typography-font-style);--awb-caption-title-size:var(--h2_typography-font-size);--awb-caption-title-transform:var(--h2_typography-text-transform);--awb-caption-title-line-height:var(--h2_typography-line-height);--awb-caption-title-letter-spacing:var(--h2_typography-letter-spacing);\"><div class=\"imageframe-align-center\"><span class=\" fusion-imageframe imageframe-none imageframe-1 hover-type-none\"><a href=\"https:\/\/www.hotel-lavignasse.com\/wp-content\/uploads\/piscine-1.jpg\" class=\"fusion-lightbox\" data-rel=\"iLightbox[28a17b9a7f44b440ae4]\" data-title=\"The hotel swimming pool\" title=\"The hotel swimming pool\"><img loading=\"lazy\" decoding=\"async\" width=\"600\" height=\"800\" alt=\"Hotel Ard\u00e8che with pool\" src=\"https:\/\/www.hotel-lavignasse.com\/wp-content\/uploads\/piscine-1-600x800.jpg\" class=\"img-responsive wp-image-1677\" srcset=\"https:\/\/www.hotel-lavignasse.com\/wp-content\/uploads\/piscine-1-200x267.jpg 200w, https:\/\/www.hotel-lavignasse.com\/wp-content\/uploads\/piscine-1-400x533.jpg 400w, https:\/\/www.hotel-lavignasse.com\/wp-content\/uploads\/piscine-1-600x800.jpg 600w, https:\/\/www.hotel-lavignasse.com\/wp-content\/uploads\/piscine-1.jpg 700w\" sizes=\"auto, (max-width: 900px) 100vw, 600px\" \/><\/a><\/span><\/div><\/div><div class=\"fusion-clearfix\"><\/div><\/div><\/div><div class=\"fusion-layout-column fusion_builder_column fusion-builder-column-2 fusion_builder_column_2_3 2_3 fusion-two-third fusion-column-last col-tarifs\" style=\"--awb-bg-size:cover;width:66.666666666667%;width:calc(66.666666666667% - ( ( 4% ) * 0.66666666666667 ) );\"><div class=\"fusion-column-wrapper fusion-column-has-shadow fusion-flex-column-wrapper-legacy\">\n<div class=\"table-2\">\n<table>\n<thead>\n<tr>\n<th colspan=\"4\">Tarif des chambres 2024 (pour 1 ou 2 personnes)<\/th>\n<\/tr>\n<\/thead>\n<tbody>\n<tr>\n<td style=\"text-align: center;\">N\u00b0 Chambre<\/td>\n<td>Type Chambre<\/td>\n<td>Basse Saison<\/td>\n<td>Haute Saison*<\/td>\n<\/tr>\n<tr>\n<td style=\"text-align: center;\">2 &#8211; 3<\/td>\n<td>Chambre Confort<\/td>\n<td class=\"tarifs-bs\">99 \u20ac<\/td>\n<td class=\"tarifs-hs\">110 \u20ac<\/td>\n<\/tr>\n<tr>\n<td style=\"text-align: center;\">1 &#8211; 9 &#8211; 10<\/td>\n<td>Chambre Confort +<\/td>\n<td class=\"tarifs-bs\">105\u20ac<\/td>\n<td class=\"tarifs-hs\">120 \u20ac<\/td>\n<\/tr>\n<tr>\n<td style=\"text-align: center;\">12<\/td>\n<td>Chambre Privil\u00e8ge<\/td>\n<td class=\"tarifs-bs\">109 \u20ac<\/td>\n<td class=\"tarifs-hs\">125 \u20ac<\/td>\n<\/tr>\n<tr>\n<td style=\"text-align: center;\">4 &#8211; 5 &#8211; 7<\/td>\n<td>Chambre Espace<\/td>\n<td class=\"tarifs-bs\">119 \u20ac<\/td>\n<td class=\"tarifs-hs\">135 \u20ac<\/td>\n<\/tr>\n<tr>\n<td style=\"text-align: center;\">6 &#8211; 11<\/td>\n<td>Chambre Espace +<\/td>\n<td class=\"tarifs-bs\" style=\"text-align: center;\">135 \u20ac<\/td>\n<td class=\"tarifs-hs\" style=\"text-align: center;\">149 \u20ac<\/td>\n<\/tr>\n<tr>\n<td style=\"text-align: center;\">8<\/td>\n<td>Chambre Espace +<\/td>\n<td class=\"tarifs-bs\" style=\"text-align: center;\">139 \u20ac<\/td>\n<td class=\"tarifs-hs\" style=\"text-align: center;\">154 \u20ac<\/td>\n<\/tr>\n<tr>\n<td>Personne suppl\u00e9mentaire dans la chambre<\/td>\n<td colspan=\"3\">20 \u20ac<\/td>\n<\/tr>\n<tr>\n<td>Petit-d\u00e9jeuner buffet<\/td>\n<td colspan=\"3\">15 \u20ac \/ personne<\/td>\n<\/tr>\n<tr>\n<td>D\u00eener sans offre privil\u00e8ge (Sur r\u00e9servation)<\/td>\n<td colspan=\"3\">35 \u20ac<\/td>\n<\/tr>\n<tr>\n<td>Suppl\u00e9ment chien (sur demande uniquement)<\/td>\n<td colspan=\"3\">10 \u20ac \/ nuit<\/td>\n<\/tr>\n<tr>\n<td>Taxe de s\u00e9jour<\/td>\n<td colspan=\"3\">0,90 \u20ac \/ nuit \/ adulte<\/td>\n<\/tr>\n<\/tbody>\n<\/table>\n<\/div>\n<div class=\"fusion-text fusion-text-2\"><p><span style=\"color: #000000;\">* Haute Saison : Du mercredi 08 au samedi 11 Mai (Ascension). Du samedi 18 au dimanche 19 Mai (Pentec\u00f4te). Du\u00a0 samedi 29 Juin au samedi 31 Ao\u00fbt.<\/span><\/p>\n<\/div><div class=\"fusion-sep-clear\"><\/div><div class=\"fusion-separator fusion-full-width-sep\" style=\"margin-left: auto;margin-right: auto;margin-top:30px;width:100%;\"><\/div><div class=\"fusion-sep-clear\"><\/div><div class=\"fusion-text fusion-text-3 titre-tarifs\"><p>Tarif 2024 en demi-pension<\/p>\n<\/div><div class=\"fusion-text fusion-text-4\"><p>L&#8217;Offre Demi-Pension est uniquement disponible lors de la R\u00e9servation du s\u00e9jour.<\/p>\n<\/div><ul style=\"--awb-iconcolor:#043b49;--awb-line-height:23.8px;--awb-icon-width:23.8px;--awb-icon-height:23.8px;--awb-icon-margin:9.8px;--awb-content-margin:33.6px;\" class=\"fusion-checklist fusion-checklist-1 fusion-checklist-default type-icons liste-tarifs\"><li class=\"fusion-li-item\" style=\"\"><span class=\"icon-wrapper circle-no\"><i class=\"fusion-li-icon fa-check fas\" aria-hidden=\"true\"><\/i><\/span><div class=\"fusion-li-item-content\">\n<p>La Formule Demi-Pension Adulte est \u00e0 52 \u20ac par jour et par personne.(-10\u20ac\/personne\/jour \u00e0 partir de 3 nuit\u00e9es)<\/p>\n<\/div><\/li><li class=\"fusion-li-item\" style=\"\"><span class=\"icon-wrapper circle-no\"><i class=\"fusion-li-icon fa-check fas\" aria-hidden=\"true\"><\/i><\/span><div class=\"fusion-li-item-content\">La Formule Demi-Pension Enfant de 10 ans ou moins est \u00e0 20 \u20ac par jour et par enfant.<\/div><\/li><\/ul><div class=\"fusion-text fusion-text-5\"><p><small>T\u00e9l\u00e9phonez \u00e0 la\u00a0 r\u00e9ception pour les conditions. 06.70.61.39.00<\/small><\/p>\n<\/div><div class=\"fusion-sep-clear\"><\/div><div class=\"fusion-separator fusion-full-width-sep\" style=\"margin-left: auto;margin-right: auto;margin-top:20px;width:100%;\"><\/div><div class=\"fusion-sep-clear\"><\/div><div class=\"fusion-text fusion-text-6\"><p>L\u2019h\u00f4tel accepte les <strong>ch\u00e8ques vacances uniquement pour les r\u00e9servations en direct<\/strong>. <img decoding=\"async\" src=\"\/wp-content\/uploads\/ancv.jpg\" alt=\"ANCV\" \/> <img decoding=\"async\" src=\"\/wp-content\/uploads\/visa.jpg\" alt=\"Visa\" \/> <img decoding=\"async\" src=\"\/wp-content\/uploads\/mastercard.jpg\" alt=\"MasterCard\" \/><\/p>\n<\/div><div class=\"fusion-clearfix\"><\/div><\/div><\/div><\/div><\/div>\n","protected":false},"excerpt":{"rendered":"","protected":false},"author":1,"featured_media":0,"parent":0,"menu_order":0,"comment_status":"closed","ping_status":"closed","template":"","meta":{"footnotes":""},"class_list":["post-1106","page","type-page","status-publish","hentry"],"_links":{"self":[{"href":"https:\/\/www.hotel-lavignasse.com\/en\/wp-json\/wp\/v2\/pages\/1106","targetHints":{"allow":["GET"]}}],"collection":[{"href":"https:\/\/www.hotel-lavignasse.com\/en\/wp-json\/wp\/v2\/pages"}],"about":[{"href":"https:\/\/www.hotel-lavignasse.com\/en\/wp-json\/wp\/v2\/types\/page"}],"author":[{"embeddable":true,"href":"https:\/\/www.hotel-lavignasse.com\/en\/wp-json\/wp\/v2\/users\/1"}],"replies":[{"embeddable":true,"href":"https:\/\/www.hotel-lavignasse.com\/en\/wp-json\/wp\/v2\/comments?post=1106"}],"version-history":[{"count":10,"href":"https:\/\/www.hotel-lavignasse.com\/en\/wp-json\/wp\/v2\/pages\/1106\/revisions"}],"predecessor-version":[{"id":1774,"href":"https:\/\/www.hotel-lavignasse.com\/en\/wp-json\/wp\/v2\/pages\/1106\/revisions\/1774"}],"wp:attachment":[{"href":"https:\/\/www.hotel-lavignasse.com\/en\/wp-json\/wp\/v2\/media?parent=1106"}],"curies":[{"name":"wp","href":"https:\/\/api.w.org\/{rel}","templated":true}]}}